{"id":151,"date":"2024-11-12T03:09:52","date_gmt":"2024-11-12T03:09:52","guid":{"rendered":"https:\/\/estrategiaecologica.es\/?page_id=151"},"modified":"2026-01-26T13:52:53","modified_gmt":"2026-01-26T12:52:53","slug":"politica-de-privacidad","status":"publish","type":"page","link":"https:\/\/estrategiaecologica.es\/en\/politica-de-privacidad\/","title":{"rendered":"Privacy policy"},"content":{"rendered":"<div data-elementor-type=\"wp-page\" data-elementor-id=\"151\" class=\"elementor elementor-151\" data-elementor-post-type=\"page\">\n\t\t\t\t<div class=\"elementor-element elementor-element-2816dfc e-flex e-con-boxed e-con e-parent\" data-id=\"2816dfc\" data-element_type=\"container\" data-settings=\"{&quot;background_background&quot;:&quot;classic&quot;}\">\n\t\t\t\t\t<div class=\"e-con-inner\">\n\t\t<div class=\"elementor-element elementor-element-d7814a7 e-con-full e-flex e-con e-child\" data-id=\"d7814a7\" data-element_type=\"container\">\n\t\t\t\t<div class=\"elementor-element elementor-element-23929b9 elementor-widget elementor-widget-heading\" data-id=\"23929b9\" data-element_type=\"widget\" data-widget_type=\"heading.default\">\n\t\t\t\t<div class=\"elementor-widget-container\">\n\t\t\t\t\t<h1 class=\"elementor-heading-title elementor-size-default\">Pol\u00edtica de Privacidad<\/h1>\t\t\t\t<\/div>\n\t\t\t\t<\/div>\n\t\t\t\t<div class=\"elementor-element elementor-element-903f164 elementor-widget elementor-widget-text-editor\" data-id=\"903f164\" data-element_type=\"widget\" data-widget_type=\"text-editor.default\">\n\t\t\t\t<div class=\"elementor-widget-container\">\n\t\t\t\t\t\t\t\t\t<p>1. IDENTIFICACI\u00d3N Y DATOS DE CONTACTO DEL RESPONSABLE<br \/>nombre-de-empresa (en adelante El titular), con domicilio en domicilio-empresa, con NIF nif-empresa, y tel\u00e9fono tel\u00e9fono-empresa, es el responsable del tratamiento de sus datos personales.<br \/>En la presente pol\u00edtica de privacidad se facilita la informaci\u00f3n sobre el uso que realizar\u00e1 El titular de sus datos personales en su condici\u00f3n de usuario de la web (la \u201cWeb\u201d).<br \/>La presente Pol\u00edtica de Privacidad tiene por objeto facilitar informaci\u00f3n sobre los derechos que le asisten en virtud del Reglamento General de Protecci\u00f3n de Datos (RGPD) y la Ley Org\u00e1nica de Protecci\u00f3n de Datos Personales y garant\u00eda de los derechos digitales (LOPDGDD). Si tiene cualquier duda relativa al tratamiento de sus datos personales, contacte con El titular en la siguiente direcci\u00f3n: email-empresa.<br \/>2. INFORMACI\u00d3N NECESARIA Y ACTUALIZADA<br \/>Todos los campos que aparezcan se\u00f1alados con un asterisco (*) en los formularios de la Web ser\u00e1n de obligada cumplimentaci\u00f3n, de tal modo que la omisi\u00f3n de alguno de ellos podr\u00eda comportar la imposibilidad de que se le puedan facilitar los servicios o informaci\u00f3n solicitados.<br \/>El Usuario de este portal garantiza la autenticidad de todos aquellos datos que comunique y mantendr\u00e1 la informaci\u00f3n facilitada permanentemente actualizada de forma que responda, en todo momento, a su situaci\u00f3n real. En todo caso, el Usuario ser\u00e1 el \u00fanico responsable de las manifestaciones falsas o inexactas que realice y de los perjuicios que cause a El titular o a terceros con la informaci\u00f3n que facilite.<br \/>Los datos recabados pasar\u00e1n a un fichero responsabilidad de El titular con la \u00fanica finalidad de gestionar la relaci\u00f3n con los Usuarios, as\u00ed como la prestaci\u00f3n de los servicios ofrecidos a trav\u00e9s de la Web y, en general, la gesti\u00f3n, desarrollo y cumplimiento de la relaci\u00f3n establecida entre El titular y quienes aporten sus datos personales a trav\u00e9s del sitio Web. Adicionalmente, en el caso de que el Usuario haya dado su consentimiento, El titular tratar\u00e1 los datos para realizar comunicaciones publicitarias o promocionales.<br \/>Durante el proceso de recogida de datos, el Usuario ser\u00e1 informado, bien a trav\u00e9s de un hiperv\u00ednculo, o en el propio formulario del portal Web, del car\u00e1cter obligatorio o no de la cumplimentaci\u00f3n de tales datos.<br \/>3. FINALIDADES DE LOS TRATAMIENTOS<br \/>El titular recaba sus datos personales para poder gestionar sus solicitudes y ofrecerle los servicios que puedan ser de su inter\u00e9s. En concreto, El titular trata sus datos personales para las siguientes finalidades:<br \/>Atender a sus consultas, preguntas o solicitudes realizadas a trav\u00e9s de los canales de atenci\u00f3n o comunicaci\u00f3n identificados en la p\u00e1gina Web y ponerse en contacto con usted para solucionarlas.<br \/>Mejorar la p\u00e1gina Web, as\u00ed como sus servicios y productos, con tal de ofrecer un mejor servicio y contenido.<br \/>Realizar estudios con fines estad\u00edsticos.<br \/>Tener actualizados sus datos.<br \/>Cumplir con el marco legal vigente.<br \/>Gestionar sus datos para enviarle informaci\u00f3n comercial.<br \/>4. LEGITIMACI\u00d3N DEL TRATAMIENTO DE SUS DATOS PERSONALES<br \/>El titular \u00fanicamente recoger\u00e1 aquellos datos personales que usted desee revelar voluntariamente. De acuerdo con la normativa vigente en materia de protecci\u00f3n de datos, as\u00ed como en materia de servicios de la sociedad de la informaci\u00f3n y de comercio electr\u00f3nico, El titular le comunica que los datos personales aportados en el momento de su registro, o cualquier otro facilitado para su acceso a algunos de los servicios de la p\u00e1gina Web, ser\u00e1n incorporados en ficheros de su titularidad.<br \/>Los datos que El titular puede solicitarle son los siguientes:<br \/>Datos de identificaci\u00f3n: Informaci\u00f3n concerniente a una persona f\u00edsica que permite diferenciarla de otras en una colectividad, tales como: nombre y apellidos; n\u00famero de identificaci\u00f3n fiscal; fecha de nacimiento; edad.<br \/>Datos de contacto: Informaci\u00f3n que permite mantener o entrar en contacto con su titular, tal como: domicilio; correo electr\u00f3nico; tel\u00e9fono fijo; tel\u00e9fono m\u00f3vil.<br \/>El tratamiento de sus datos personales puede resultar necesario en ocasiones para dar cumplimiento a determinadas obligaciones legales, o en relaci\u00f3n con cualquier relaci\u00f3n contractual que El titular pueda tener con usted.<br \/>En los dem\u00e1s supuestos, y siempre que sea oportuno, El titular le solicitar\u00e1 su consentimiento para tratar sus datos personales.<br \/>5. ENV\u00cdO DE COMUNICACIONES COMERCIALES<br \/>El titular, en el marco de su actividad promocional, puede facilitarle recursos para el registro o suscripci\u00f3n a noticias o informaci\u00f3n comercial relacionada con novedades, ofertas y\/o nuevos productos incluidos en la Web. Dichos recursos estar\u00e1n siempre sujetos a su consentimiento expreso para remitirlos.<br \/>En el supuesto de que lo haya autorizado, El titular puede enviarle informaci\u00f3n sobre novedades, ofertas y nuevos productos incluidos en la Web y\/o servicios personalizados, de acuerdo con sus gustos y preferencias.<br \/>Podr\u00e1 revocar su consentimiento a recibir comunicaciones comerciales en cualquier momento, mediante el link o bot\u00f3n habilitado a tal efecto en cada una de las comunicaciones, o directamente comunicando su voluntad de revocar el consentimiento a trav\u00e9s de los siguientes canales:<br \/>Correo electr\u00f3nico que deber\u00e1 dirigirse a la siguiente direcci\u00f3n: email-empresa.<br \/>6. DECISIONES AUTOMATIZADAS Y ELABORACI\u00d3N DE PERFILES<br \/>El titular recabar\u00e1 su consentimiento expreso para el tratamiento de sus datos de car\u00e1cter personal con motivo de la posible adopci\u00f3n de decisiones automatizadas y\/o la elaboraci\u00f3n de perfiles.<br \/>Para la prestaci\u00f3n de algunos servicios, El titular puede tratar sus datos personales utilizando medios automatizados. Ello significa que determinadas decisiones se toman de forma autom\u00e1tica, sin intervenci\u00f3n humana.<br \/>Otro tratamiento que El titular puede realizar con sus datos es la elaboraci\u00f3n de perfiles, con la finalidad de predecir su comportamiento en la Web. Como resultado de ello se mostrar\u00e1n en la p\u00e1gina principal productos que puedan ser de su inter\u00e9s, en base a las preferencias que haya demostrado mediante su navegaci\u00f3n, o informaci\u00f3n obtenida a trav\u00e9s de las cookies.<br \/>Puede revisar la Pol\u00edtica de Cookies aplicable en el siguiente enlace. Asimismo, puede ponerse en contacto con El titular para cualquier duda o consulta relacionada con el tratamiento de sus datos personales a trav\u00e9s de la siguiente direcci\u00f3n: email-empresa<br \/>7. DURACI\u00d3N DEL TRATAMIENTO Y PLAZO DE CONSERVACI\u00d3N DE LOS DATOS<br \/>El titular se compromete a tratar sus datos personales mientras realmente sean \u00fatiles y necesarios para poder ofrecerle un servicio de calidad mediante su tratamiento. Por ello, El titular realizar\u00e1 todos los esfuerzos oportunos y razonables para minimizar el plazo de tratamiento y conservaci\u00f3n de sus datos personales.<br \/>En este sentido, en cada formulario de captaci\u00f3n de datos, El titular le informar\u00e1 del plazo previsto para el tratamiento y\/o conservaci\u00f3n de sus datos de car\u00e1cter personal.<br \/>En cualquier caso, y aunque usted solicite la eliminaci\u00f3n de sus datos personales, El titular tendr\u00e1 derecho a conservarlos y mantenerlos, bajo el debido bloqueo, durante el plazo necesario para cumplir con las obligaciones legales que correspondan, as\u00ed como para su puesta a disposici\u00f3n ante las Autoridades competentes en las distintas materias que sean de aplicaci\u00f3n.<br \/>8. EJERCICIO DE DERECHOS Y RECLAMACIONES ANTE LA AEPD<br \/>Como consecuencia del tratamiento de sus datos personales, la legislaci\u00f3n vigente le otorga una serie de derechos. El titular le ofrece una explicaci\u00f3n resumida de cada derecho, para facilitarle su ejercicio:<br \/>Derecho de acceso: Usted tendr\u00e1 derecho a conocer los datos personales que son tratados por El titular, as\u00ed como las finalidades de dichos tratamientos.<br \/>Derecho de rectificaci\u00f3n: Puede solicitar la rectificaci\u00f3n de cualquier dato, en cualquier momento, si los que constaran en los registros de El titular fuesen err\u00f3neos.<br \/>Derecho de supresi\u00f3n: Podr\u00e1 solicitar, en cualquier momento, que sus datos personales sean suprimidos de los ficheros de El titular. Sin embargo, y tal y como ha sido indicado previamente, debe tener en cuenta que, en determinadas circunstancias, el cumplimiento de la legislaci\u00f3n vigente puede impedir el efectivo ejercicio de este derecho.<br \/>Derecho de oposici\u00f3n: Usted podr\u00e1 oponerse al tratamiento de sus datos personales en relaci\u00f3n con cualesquiera finalidades con las que tratemos sus datos, de acuerdo a las pol\u00edticas de privacidad aplicables en cada caso.<br \/>Derecho de limitaci\u00f3n del tratamiento: Usted podr\u00e1 solicitar la limitaci\u00f3n del tratamiento de sus datos personales cuando la exactitud, la legalidad o la necesidad del tratamiento de los datos resulte dudosa, en cuyo caso, El titular, podr\u00e1 conservarlos para el ejercicio o la defensa de reclamaciones.<br \/>Derecho a la portabilidad de sus datos: Usted tendr\u00e1 derecho a, siempre que sea t\u00e9cnicamente posible y razonable, solicitar que los datos personales que haya proporcionado directamente sean comunicados a otro responsable del tratamiento. El titular facilitar\u00e1 directamente sus datos a dicho otro responsable del tratamiento, pero si no fuera posible, se los facilitar\u00e1 a usted en un formato est\u00e1ndar.<br \/>Siempre que El titular trate sus datos personales con base en su consentimiento expreso, podr\u00e1 revocar en cualquier momento, sin que tenga consecuencias para usted m\u00e1s all\u00e1 de, seg\u00fan el derecho ejercido, no poder prestarle determinados servicios.<br \/>El ejercicio de los derechos que ostenta podr\u00e1 hacerse efectivo dirigi\u00e9ndose a El titular, indicando qu\u00e9 derecho desea ejercitar, a trav\u00e9s de alguno de los siguientes medios, acompa\u00f1ando copia de su DNI o documento identificativo equivalente:<br \/>Mediante correo electr\u00f3nico que deber\u00e1 dirigir a la siguiente direcci\u00f3n: email-empresa.<br \/>En caso de que no quiera ejercer un derecho en concreto, pero tenga la necesidad de realizar una consulta o sugerencia en relaci\u00f3n con el tratamiento de sus datos de car\u00e1cter personal tambi\u00e9n podr\u00e1 dirigirse a las direcciones facilitadas para el ejercicio de los derechos.<br \/>Tenga en cuenta que, en todo caso, podr\u00e1 presentar una reclamaci\u00f3n ante la Autoridad Competente en materia de protecci\u00f3n de datos, si considera que El titular no ha tratado sus datos de forma l\u00edcita o que no ha atendido correctamente sus solicitudes o derechos. En Espa\u00f1a, dicha Autoridad Competente es la Agencia Espa\u00f1ola de Protecci\u00f3n de Datos.<br \/>9. CONFIDENCIALIDAD Y SEGURIDAD EN EL TRATAMIENTO DE DATOS<br \/>Sus datos personales son muy importantes para El titular, por ello se compromete a tratarlos con la m\u00e1xima confidencialidad y discreci\u00f3n, as\u00ed como a implementar todas aquellas medidas de seguridad que considere oportunas y razonables.<br \/>En este sentido, El titular declara y garantiza que ha establecido todos los medios t\u00e9cnicos a su alcance para evitar la p\u00e9rdida, mal uso, alteraci\u00f3n, acceso no autorizado y robo de los datos facilitados por los usuarios. Asimismo, El titular revisa constantemente sus medidas de seguridad para asegurar que se encuentren siempre al d\u00eda.<br \/>10. REDES SOCIALES<br \/>El titular ha creado distintos perfiles en redes sociales para que cualquier usuario pueda unirse a ellas. Sin embargo, debe tener en cuenta que, salvo que le solicitemos sus datos directamente a trav\u00e9s de acciones de marketing, concursos, promociones o cualquier otra forma v\u00e1lida, sus datos pertenecer\u00e1n a la Red Social correspondiente. Por lo tanto, es conveniente que lea detenidamente las condiciones de uso y pol\u00edticas de privacidad de cada red social, y se asegure de configurar sus preferencias en cuanto al tratamiento de sus datos.<br \/>11. COOKIES<br \/>La Web \u00fanicamente utilizar\u00e1 dispositivos de almacenamiento y recuperaci\u00f3n de datos (\u2018Cookies\u2019) cuando el usuario haya dado su consentimiento previo para ello, de acuerdo con lo que se indica en la ventana emergente del navegador del usuario cuando accede por primera vez a la Web, y en los dem\u00e1s t\u00e9rminos y condiciones que se indican en la Pol\u00edtica de Cookies que todo usuario debe conocer.<\/p>\t\t\t\t\t\t\t\t<\/div>\n\t\t\t\t<\/div>\n\t\t\t\t<\/div>\n\t\t\t\t\t<\/div>\n\t\t\t\t<\/div>\n\t\t\t\t<\/div>","protected":false},"excerpt":{"rendered":"<p>Pol\u00edtica de Privacidad 1. IDENTIFICACI\u00d3N Y DATOS DE CONTACTO DEL RESPONSABLEnombre-de-empresa (en adelante El titular), con domicilio en domicilio-empresa, con NIF nif-empresa, y tel\u00e9fono tel\u00e9fono-empresa, es el responsable del tratamiento de sus datos personales.En la presente pol\u00edtica de privacidad se facilita la informaci\u00f3n sobre el uso que realizar\u00e1 El titular de sus datos personales en [&hellip;]<\/p>","protected":false},"author":2,"featured_media":0,"parent":0,"menu_order":0,"comment_status":"closed","ping_status":"closed","template":"","meta":{"footnotes":""},"class_list":["post-151","page","type-page","status-publish","hentry"],"_links":{"self":[{"href":"https:\/\/estrategiaecologica.es\/en\/wp-json\/wp\/v2\/pages\/151","targetHints":{"allow":["GET"]}}],"collection":[{"href":"https:\/\/estrategiaecologica.es\/en\/wp-json\/wp\/v2\/pages"}],"about":[{"href":"https:\/\/estrategiaecologica.es\/en\/wp-json\/wp\/v2\/types\/page"}],"author":[{"embeddable":true,"href":"https:\/\/estrategiaecologica.es\/en\/wp-json\/wp\/v2\/users\/2"}],"replies":[{"embeddable":true,"href":"https:\/\/estrategiaecologica.es\/en\/wp-json\/wp\/v2\/comments?post=151"}],"version-history":[{"count":16,"href":"https:\/\/estrategiaecologica.es\/en\/wp-json\/wp\/v2\/pages\/151\/revisions"}],"predecessor-version":[{"id":1335,"href":"https:\/\/estrategiaecologica.es\/en\/wp-json\/wp\/v2\/pages\/151\/revisions\/1335"}],"wp:attachment":[{"href":"https:\/\/estrategiaecologica.es\/en\/wp-json\/wp\/v2\/media?parent=151"}],"curies":[{"name":"wp","href":"https:\/\/api.w.org\/{rel}","templated":true}]}}