{"id":121,"date":"2024-11-12T02:45:44","date_gmt":"2024-11-12T02:45:44","guid":{"rendered":"https:\/\/estrategiaecologica.es\/?page_id=121"},"modified":"2026-01-29T08:14:58","modified_gmt":"2026-01-29T07:14:58","slug":"novedades","status":"publish","type":"page","link":"https:\/\/estrategiaecologica.es\/en\/novedades\/","title":{"rendered":"What&#039;s new"},"content":{"rendered":"<div data-elementor-type=\"wp-page\" data-elementor-id=\"121\" class=\"elementor elementor-121\" data-elementor-post-type=\"page\">\n\t\t\t\t<div class=\"elementor-element elementor-element-dd9bded e-flex e-con-boxed e-con e-parent\" data-id=\"dd9bded\" data-element_type=\"container\" data-settings=\"{&quot;background_background&quot;:&quot;classic&quot;}\">\n\t\t\t\t\t<div class=\"e-con-inner\">\n\t\t<div class=\"elementor-element elementor-element-2260b6a e-con-full e-flex e-con e-child\" data-id=\"2260b6a\" data-element_type=\"container\">\n\t\t\t\t<div class=\"elementor-element elementor-element-ae40add elementor-widget elementor-widget-heading\" data-id=\"ae40add\" data-element_type=\"widget\" data-widget_type=\"heading.default\">\n\t\t\t\t<div class=\"elementor-widget-container\">\n\t\t\t\t\t<h1 class=\"elementor-heading-title elementor-size-default\">BLOG<\/h1>\t\t\t\t<\/div>\n\t\t\t\t<\/div>\n\t\t\t\t<div class=\"elementor-element elementor-element-9df5151 elementor-widget elementor-widget-heading\" data-id=\"9df5151\" data-element_type=\"widget\" data-widget_type=\"heading.default\">\n\t\t\t\t<div class=\"elementor-widget-container\">\n\t\t\t\t\t<h2 class=\"elementor-heading-title elementor-size-default\">\"Lo que no se conoce, no se respeta y no se conserva\"<\/h2>\t\t\t\t<\/div>\n\t\t\t\t<\/div>\n\t\t\t\t<div class=\"elementor-element elementor-element-42a4bed elementor-widget elementor-widget-text-editor\" data-id=\"42a4bed\" data-element_type=\"widget\" data-widget_type=\"text-editor.default\">\n\t\t\t\t<div class=\"elementor-widget-container\">\n\t\t\t\t\t\t\t\t\t<p>En nuestro blog compartimos noticias y art\u00edculos sobre consultor\u00eda ambiental, pol\u00edticas ambientales y tecnolog\u00edas que promueven el desarrollo sostenible y el estudio y manejo de la biodiversidad. Tambi\u00e9n abrimos una ventana a la divulgaci\u00f3n y concienciaci\u00f3n ambiental. Te invitamos a descubrir nuevas perspectivas, conocimientos y experiencias sobre el cuidado del medio ambiente.<\/p>\t\t\t\t\t\t\t\t<\/div>\n\t\t\t\t<\/div>\n\t\t\t\t<\/div>\n\t\t<div class=\"elementor-element elementor-element-2a21116 e-con-full e-flex e-con e-child\" data-id=\"2a21116\" data-element_type=\"container\">\n\t\t\t\t<div class=\"elementor-element elementor-element-388093b elementor-grid-3 elementor-grid-tablet-2 elementor-grid-mobile-1 elementor-posts--thumbnail-top elementor-widget elementor-widget-posts\" data-id=\"388093b\" data-element_type=\"widget\" data-settings=\"{&quot;classic_columns&quot;:&quot;3&quot;,&quot;classic_columns_tablet&quot;:&quot;2&quot;,&quot;classic_columns_mobile&quot;:&quot;1&quot;,&quot;classic_row_gap&quot;:{&quot;unit&quot;:&quot;px&quot;,&quot;size&quot;:35,&quot;sizes&quot;:[]},&quot;classic_row_gap_tablet&quot;:{&quot;unit&quot;:&quot;px&quot;,&quot;size&quot;:&quot;&quot;,&quot;sizes&quot;:[]},&quot;classic_row_gap_mobile&quot;:{&quot;unit&quot;:&quot;px&quot;,&quot;size&quot;:&quot;&quot;,&quot;sizes&quot;:[]}}\" data-widget_type=\"posts.classic\">\n\t\t\t\t<div class=\"elementor-widget-container\">\n\t\t\t\t\t\t\t<div class=\"elementor-posts-container elementor-posts elementor-posts--skin-classic elementor-grid\">\n\t\t\t\t<article class=\"elementor-post elementor-grid-item post-800 post type-post status-publish format-standard has-post-thumbnail hentry category-uncategorized\">\n\t\t\t\t<a class=\"elementor-post__thumbnail__link\" href=\"https:\/\/estrategiaecologica.es\/en\/presentacion-del-podcast-las-aves-y\/\" tabindex=\"-1\" target=\"&quot;_blank&quot;\">\n\t\t\t<div class=\"elementor-post__thumbnail\"><img decoding=\"async\" width=\"175\" height=\"175\" src=\"https:\/\/estrategiaecologica.es\/wp-content\/uploads\/2025\/05\/index.jpg\" class=\"attachment-full size-full wp-image-802\" alt=\"\" srcset=\"https:\/\/estrategiaecologica.es\/wp-content\/uploads\/2025\/05\/index.jpg 175w, https:\/\/estrategiaecologica.es\/wp-content\/uploads\/2025\/05\/index-150x150.jpg 150w, https:\/\/estrategiaecologica.es\/wp-content\/uploads\/2025\/05\/index-12x12.jpg 12w\" sizes=\"(max-width: 175px) 100vw, 175px\" \/><\/div>\n\t\t<\/a>\n\t\t\t\t<div class=\"elementor-post__text\">\n\t\t\t\t<h3 class=\"elementor-post__title\">\n\t\t\t<a href=\"https:\/\/estrategiaecologica.es\/en\/presentacion-del-podcast-las-aves-y\/\" target=\"&quot;_blank&quot;\">\n\t\t\t\tPresentaci\u00f3n del podcast \u00abLas Aves y&#8230;\u00bb\t\t\t<\/a>\n\t\t<\/h3>\n\t\t\t\t<div class=\"elementor-post__meta-data\">\n\t\t\t\t\t<span class=\"elementor-post-date\">\n\t\t\tMay 28, 2025\t\t<\/span>\n\t\t\t\t<span class=\"elementor-post-avatar\">\n\t\t\tNo Comments\t\t<\/span>\n\t\t\t\t<span class=\"elementor-post-date\">\n\t\t\tMay 28, 2025\t\t<\/span>\n\t\t\t\t<\/div>\n\t\t\t\t<div class=\"elementor-post__excerpt\">\n\t\t\t<p>Nos complace presentar la nueva serie de podcast titulada&nbsp;\u00abLas aves y\u2026\u00bb, un proyecto divulgativo centrado en la ornitolog\u00eda y su<\/p>\n\t\t<\/div>\n\t\t\n\t\t<a class=\"elementor-post__read-more\" href=\"https:\/\/estrategiaecologica.es\/en\/presentacion-del-podcast-las-aves-y\/\" aria-label=\"Read more about Presentaci\u00f3n del podcast \u00abLas Aves y&#8230;\u00bb\" tabindex=\"-1\" target=\"_blank\">\n\t\t\tRead More &#034;\t\t<\/a>\n\n\t\t\t\t<\/div>\n\t\t\t\t<\/article>\n\t\t\t\t<\/div>\n\t\t\n\t\t\t\t\t\t<\/div>\n\t\t\t\t<\/div>\n\t\t\t\t<\/div>\n\t\t\t\t\t<\/div>\n\t\t\t\t<\/div>\n\t\t\t\t<\/div>","protected":false},"excerpt":{"rendered":"<p>BLOG \u00abLo que no se conoce, no se respeta y no se conserva\u00bb En nuestro blog compartimos noticias y art\u00edculos sobre consultor\u00eda ambiental, pol\u00edticas ambientales y tecnolog\u00edas que promueven el desarrollo sostenible y el estudio y manejo de la biodiversidad. Tambi\u00e9n abrimos una ventana a la divulgaci\u00f3n y concienciaci\u00f3n ambiental. Te invitamos a descubrir nuevas [&hellip;]<\/p>","protected":false},"author":2,"featured_media":0,"parent":0,"menu_order":0,"comment_status":"closed","ping_status":"closed","template":"","meta":{"footnotes":""},"class_list":["post-121","page","type-page","status-publish","hentry"],"_links":{"self":[{"href":"https:\/\/estrategiaecologica.es\/en\/wp-json\/wp\/v2\/pages\/121","targetHints":{"allow":["GET"]}}],"collection":[{"href":"https:\/\/estrategiaecologica.es\/en\/wp-json\/wp\/v2\/pages"}],"about":[{"href":"https:\/\/estrategiaecologica.es\/en\/wp-json\/wp\/v2\/types\/page"}],"author":[{"embeddable":true,"href":"https:\/\/estrategiaecologica.es\/en\/wp-json\/wp\/v2\/users\/2"}],"replies":[{"embeddable":true,"href":"https:\/\/estrategiaecologica.es\/en\/wp-json\/wp\/v2\/comments?post=121"}],"version-history":[{"count":43,"href":"https:\/\/estrategiaecologica.es\/en\/wp-json\/wp\/v2\/pages\/121\/revisions"}],"predecessor-version":[{"id":1415,"href":"https:\/\/estrategiaecologica.es\/en\/wp-json\/wp\/v2\/pages\/121\/revisions\/1415"}],"wp:attachment":[{"href":"https:\/\/estrategiaecologica.es\/en\/wp-json\/wp\/v2\/media?parent=121"}],"curies":[{"name":"wp","href":"https:\/\/api.w.org\/{rel}","templated":true}]}}